{"id":8,"date":"2025-11-05T11:50:42","date_gmt":"2025-11-05T11:50:42","guid":{"rendered":"https:\/\/psychodynamikabielsko.pl\/?page_id=8"},"modified":"2025-11-14T21:52:35","modified_gmt":"2025-11-14T21:52:35","slug":"informacje","status":"publish","type":"page","link":"https:\/\/psychodynamikabielsko.pl\/index.php\/informacje\/","title":{"rendered":"Cennik"},"content":{"rendered":"\n<p class=\"has-custom-color-1-color has-text-color has-link-color wp-elements-cf83f72a31a8be36bf773ae57450e5b2\">Cennik<\/p>\n\n\n\n<figure class=\"wp-block-table alignwide\"><table class=\"has-fixed-layout\"><tbody><tr><td>Us\u0142uga<\/td><td class=\"has-text-align-center\" data-align=\"center\">Cena<\/td><td class=\"has-text-align-center\" data-align=\"center\">Czas<\/td><\/tr><tr><td>Konsultacje do psychoterapii<\/td><td class=\"has-text-align-center\" data-align=\"center\">200 z\u0142<\/td><td class=\"has-text-align-center\" data-align=\"center\">50 minut<\/td><\/tr><tr><td>Psychoterapia indywidualna<\/td><td class=\"has-text-align-center\" data-align=\"center\">200 z\u0142<\/td><td class=\"has-text-align-center\" data-align=\"center\">50 minut<\/td><\/tr><tr><td>Psychoterapia par<\/td><td class=\"has-text-align-center\" data-align=\"center\">300z\u0142<\/td><td class=\"has-text-align-center\" data-align=\"center\">50 minut<\/td><\/tr><\/tbody><\/table><\/figure>\n\n\n\n<p>W gabinecie obowi\u0105zuje p\u0142atno\u015b\u0107 wy\u0142\u0105cznie got\u00f3wk\u0105.<\/p>\n\n\n\n<p class=\"has-custom-color-1-color has-text-color has-link-color wp-elements-e6093dadf06c27dc851335bb1755031f\">Anna Ko\u0142ek &#8211; Psychoterapia &#8211; Bielsko<\/p>\n\n\n\n<p><\/p>\n","protected":false},"excerpt":{"rendered":"<p>Cennik Us\u0142uga Cena Czas Konsultacje do psychoterapii 200 z\u0142 50 minut Psychoterapia indywidualna 200 z\u0142 50 minut Psychoterapia par 300z\u0142 50 minut W gabinecie obowi\u0105zuje p\u0142atno\u015b\u0107 wy\u0142\u0105cznie got\u00f3wk\u0105. Anna Ko\u0142ek &#8211; Psychoterapia &#8211; Bielsko<\/p>\n","protected":false},"author":1,"featured_media":0,"parent":0,"menu_order":0,"comment_status":"closed","ping_status":"closed","template":"","meta":{"footnotes":""},"class_list":["post-8","page","type-page","status-publish","hentry"],"yoast_head":"<!-- This site is optimized with the Yoast SEO plugin v26.3 - https:\/\/yoast.com\/wordpress\/plugins\/seo\/ -->\n<title>Cennik - Psychoterapia - Anna Ko\u0142ek<\/title>\n<meta name=\"description\" content=\"Zapoznaj si\u0119 z ofert\u0105 gabinetu oraz aktualnym cennikiem us\u0142ug... Psychoterapia indywidualna: 200 z\u0142 , Psychoterapia par: 300z\u0142\" \/>\n<meta name=\"robots\" content=\"index, follow, max-snippet:-1, max-image-preview:large, max-video-preview:-1\" \/>\n<link rel=\"canonical\" href=\"https:\/\/psychodynamikabielsko.pl\/index.php\/informacje\/\" \/>\n<meta property=\"og:locale\" content=\"pl_PL\" \/>\n<meta property=\"og:type\" content=\"article\" \/>\n<meta property=\"og:title\" content=\"Cennik - Psychoterapia - Anna Ko\u0142ek\" \/>\n<meta property=\"og:description\" content=\"Zapoznaj si\u0119 z ofert\u0105 gabinetu oraz aktualnym cennikiem us\u0142ug... Psychoterapia indywidualna: 200 z\u0142 , Psychoterapia par: 300z\u0142\" \/>\n<meta property=\"og:url\" content=\"https:\/\/psychodynamikabielsko.pl\/index.php\/informacje\/\" \/>\n<meta property=\"og:site_name\" content=\"Psychoterapia - Anna Ko\u0142ek\" \/>\n<meta property=\"article:modified_time\" content=\"2025-11-14T21:52:35+00:00\" \/>\n<meta name=\"twitter:card\" content=\"summary_large_image\" \/>\n<meta name=\"twitter:label1\" content=\"Szacowany czas czytania\" \/>\n\t<meta name=\"twitter:data1\" content=\"1 minuta\" \/>\n<script type=\"application\/ld+json\" class=\"yoast-schema-graph\">{\"@context\":\"https:\/\/schema.org\",\"@graph\":[{\"@type\":\"WebPage\",\"@id\":\"https:\/\/psychodynamikabielsko.pl\/index.php\/informacje\/\",\"url\":\"https:\/\/psychodynamikabielsko.pl\/index.php\/informacje\/\",\"name\":\"Cennik - Psychoterapia - Anna Ko\u0142ek\",\"isPartOf\":{\"@id\":\"https:\/\/psychodynamikabielsko.pl\/#website\"},\"datePublished\":\"2025-11-05T11:50:42+00:00\",\"dateModified\":\"2025-11-14T21:52:35+00:00\",\"description\":\"Zapoznaj si\u0119 z ofert\u0105 gabinetu oraz aktualnym cennikiem us\u0142ug... Psychoterapia indywidualna: 200 z\u0142 , Psychoterapia par: 300z\u0142\",\"breadcrumb\":{\"@id\":\"https:\/\/psychodynamikabielsko.pl\/index.php\/informacje\/#breadcrumb\"},\"inLanguage\":\"pl-PL\",\"potentialAction\":[{\"@type\":\"ReadAction\",\"target\":[\"https:\/\/psychodynamikabielsko.pl\/index.php\/informacje\/\"]}]},{\"@type\":\"BreadcrumbList\",\"@id\":\"https:\/\/psychodynamikabielsko.pl\/index.php\/informacje\/#breadcrumb\",\"itemListElement\":[{\"@type\":\"ListItem\",\"position\":1,\"name\":\"Strona g\u0142\u00f3wna\",\"item\":\"https:\/\/psychodynamikabielsko.pl\/\"},{\"@type\":\"ListItem\",\"position\":2,\"name\":\"Cennik\"}]},{\"@type\":\"WebSite\",\"@id\":\"https:\/\/psychodynamikabielsko.pl\/#website\",\"url\":\"https:\/\/psychodynamikabielsko.pl\/\",\"name\":\"Psychoterapia - Anna Ko\u0142ek\",\"description\":\"Psychoterapia - Anna Ko\u0142ek\",\"publisher\":{\"@id\":\"https:\/\/psychodynamikabielsko.pl\/#organization\"},\"potentialAction\":[{\"@type\":\"SearchAction\",\"target\":{\"@type\":\"EntryPoint\",\"urlTemplate\":\"https:\/\/psychodynamikabielsko.pl\/?s={search_term_string}\"},\"query-input\":{\"@type\":\"PropertyValueSpecification\",\"valueRequired\":true,\"valueName\":\"search_term_string\"}}],\"inLanguage\":\"pl-PL\"},{\"@type\":\"Organization\",\"@id\":\"https:\/\/psychodynamikabielsko.pl\/#organization\",\"name\":\"Psychoterapia - Anna Ko\u0142ek\",\"url\":\"https:\/\/psychodynamikabielsko.pl\/\",\"logo\":{\"@type\":\"ImageObject\",\"inLanguage\":\"pl-PL\",\"@id\":\"https:\/\/psychodynamikabielsko.pl\/#\/schema\/logo\/image\/\",\"url\":\"https:\/\/psychodynamikabielsko.pl\/wp-content\/uploads\/2025\/11\/cropped-Screenshot_20251018_140858_com.google.android.gm_edit_71643149853651-e1762373810155.jpg\",\"contentUrl\":\"https:\/\/psychodynamikabielsko.pl\/wp-content\/uploads\/2025\/11\/cropped-Screenshot_20251018_140858_com.google.android.gm_edit_71643149853651-e1762373810155.jpg\",\"width\":1080,\"height\":280,\"caption\":\"Psychoterapia - Anna Ko\u0142ek\"},\"image\":{\"@id\":\"https:\/\/psychodynamikabielsko.pl\/#\/schema\/logo\/image\/\"}}]}<\/script>\n<!-- \/ Yoast SEO plugin. -->","yoast_head_json":{"title":"Cennik - Psychoterapia - Anna Ko\u0142ek","description":"Zapoznaj si\u0119 z ofert\u0105 gabinetu oraz aktualnym cennikiem us\u0142ug... Psychoterapia indywidualna: 200 z\u0142 , Psychoterapia par: 300z\u0142","robots":{"index":"index","follow":"follow","max-snippet":"max-snippet:-1","max-image-preview":"max-image-preview:large","max-video-preview":"max-video-preview:-1"},"canonical":"https:\/\/psychodynamikabielsko.pl\/index.php\/informacje\/","og_locale":"pl_PL","og_type":"article","og_title":"Cennik - Psychoterapia - Anna Ko\u0142ek","og_description":"Zapoznaj si\u0119 z ofert\u0105 gabinetu oraz aktualnym cennikiem us\u0142ug... Psychoterapia indywidualna: 200 z\u0142 , Psychoterapia par: 300z\u0142","og_url":"https:\/\/psychodynamikabielsko.pl\/index.php\/informacje\/","og_site_name":"Psychoterapia - Anna Ko\u0142ek","article_modified_time":"2025-11-14T21:52:35+00:00","twitter_card":"summary_large_image","twitter_misc":{"Szacowany czas czytania":"1 minuta"},"schema":{"@context":"https:\/\/schema.org","@graph":[{"@type":"WebPage","@id":"https:\/\/psychodynamikabielsko.pl\/index.php\/informacje\/","url":"https:\/\/psychodynamikabielsko.pl\/index.php\/informacje\/","name":"Cennik - Psychoterapia - Anna Ko\u0142ek","isPartOf":{"@id":"https:\/\/psychodynamikabielsko.pl\/#website"},"datePublished":"2025-11-05T11:50:42+00:00","dateModified":"2025-11-14T21:52:35+00:00","description":"Zapoznaj si\u0119 z ofert\u0105 gabinetu oraz aktualnym cennikiem us\u0142ug... Psychoterapia indywidualna: 200 z\u0142 , Psychoterapia par: 300z\u0142","breadcrumb":{"@id":"https:\/\/psychodynamikabielsko.pl\/index.php\/informacje\/#breadcrumb"},"inLanguage":"pl-PL","potentialAction":[{"@type":"ReadAction","target":["https:\/\/psychodynamikabielsko.pl\/index.php\/informacje\/"]}]},{"@type":"BreadcrumbList","@id":"https:\/\/psychodynamikabielsko.pl\/index.php\/informacje\/#breadcrumb","itemListElement":[{"@type":"ListItem","position":1,"name":"Strona g\u0142\u00f3wna","item":"https:\/\/psychodynamikabielsko.pl\/"},{"@type":"ListItem","position":2,"name":"Cennik"}]},{"@type":"WebSite","@id":"https:\/\/psychodynamikabielsko.pl\/#website","url":"https:\/\/psychodynamikabielsko.pl\/","name":"Psychoterapia - Anna Ko\u0142ek","description":"Psychoterapia - Anna Ko\u0142ek","publisher":{"@id":"https:\/\/psychodynamikabielsko.pl\/#organization"},"potentialAction":[{"@type":"SearchAction","target":{"@type":"EntryPoint","urlTemplate":"https:\/\/psychodynamikabielsko.pl\/?s={search_term_string}"},"query-input":{"@type":"PropertyValueSpecification","valueRequired":true,"valueName":"search_term_string"}}],"inLanguage":"pl-PL"},{"@type":"Organization","@id":"https:\/\/psychodynamikabielsko.pl\/#organization","name":"Psychoterapia - Anna Ko\u0142ek","url":"https:\/\/psychodynamikabielsko.pl\/","logo":{"@type":"ImageObject","inLanguage":"pl-PL","@id":"https:\/\/psychodynamikabielsko.pl\/#\/schema\/logo\/image\/","url":"https:\/\/psychodynamikabielsko.pl\/wp-content\/uploads\/2025\/11\/cropped-Screenshot_20251018_140858_com.google.android.gm_edit_71643149853651-e1762373810155.jpg","contentUrl":"https:\/\/psychodynamikabielsko.pl\/wp-content\/uploads\/2025\/11\/cropped-Screenshot_20251018_140858_com.google.android.gm_edit_71643149853651-e1762373810155.jpg","width":1080,"height":280,"caption":"Psychoterapia - Anna Ko\u0142ek"},"image":{"@id":"https:\/\/psychodynamikabielsko.pl\/#\/schema\/logo\/image\/"}}]}},"_links":{"self":[{"href":"https:\/\/psychodynamikabielsko.pl\/index.php\/wp-json\/wp\/v2\/pages\/8","targetHints":{"allow":["GET"]}}],"collection":[{"href":"https:\/\/psychodynamikabielsko.pl\/index.php\/wp-json\/wp\/v2\/pages"}],"about":[{"href":"https:\/\/psychodynamikabielsko.pl\/index.php\/wp-json\/wp\/v2\/types\/page"}],"author":[{"embeddable":true,"href":"https:\/\/psychodynamikabielsko.pl\/index.php\/wp-json\/wp\/v2\/users\/1"}],"replies":[{"embeddable":true,"href":"https:\/\/psychodynamikabielsko.pl\/index.php\/wp-json\/wp\/v2\/comments?post=8"}],"version-history":[{"count":6,"href":"https:\/\/psychodynamikabielsko.pl\/index.php\/wp-json\/wp\/v2\/pages\/8\/revisions"}],"predecessor-version":[{"id":168,"href":"https:\/\/psychodynamikabielsko.pl\/index.php\/wp-json\/wp\/v2\/pages\/8\/revisions\/168"}],"wp:attachment":[{"href":"https:\/\/psychodynamikabielsko.pl\/index.php\/wp-json\/wp\/v2\/media?parent=8"}],"curies":[{"name":"wp","href":"https:\/\/api.w.org\/{rel}","templated":true}]}}