{"id":9,"date":"2025-11-05T11:50:42","date_gmt":"2025-11-05T11:50:42","guid":{"rendered":"https:\/\/psychodynamikabielsko.pl\/?page_id=9"},"modified":"2025-12-06T18:29:33","modified_gmt":"2025-12-06T18:29:33","slug":"kontakt","status":"publish","type":"page","link":"https:\/\/psychodynamikabielsko.pl\/index.php\/kontakt\/","title":{"rendered":"Kontakt"},"content":{"rendered":"\n<div style=\"height:15px\" aria-hidden=\"true\" class=\"wp-block-spacer\"><\/div>\n\n\n\n<hr class=\"wp-block-separator alignfull has-alpha-channel-opacity\"\/>\n\n\n\n<p class=\"has-text-align-center\">Aby um\u00f3wi\u0107 si\u0119 na wizyt\u0119, prosz\u0119 o kontakt telefoniczny pod numerem:<\/p>\n\n\n\n<p class=\"has-text-align-center has-medium-font-size\"><strong>693 474 163<\/strong><\/p>\n\n\n\n<div style=\"height:13px\" aria-hidden=\"true\" class=\"wp-block-spacer\"><\/div>\n\n\n\n<p class=\"has-text-align-center\">Przyjmuj\u0119 w pi\u0105tki w godzinach\u00a0<strong>8:00\u201315:00<\/strong>\u00a0w gabinecie przy<\/p>\n\n\n\n<p class=\"has-text-align-center\">ul.&nbsp;<strong>11 Listopada 60, Kamienica Pod Or\u0142em, II pi\u0119tro, gabinet 208<\/strong>. <\/p>\n\n\n\n<div style=\"height:12px\" aria-hidden=\"true\" class=\"wp-block-spacer\"><\/div>\n\n\n\n<p class=\"has-text-align-center\">Mo\u017cna r\u00f3wnie\u017c napisa\u0107 wiadomo\u015b\u0107 na adres e-mail<\/p>\n\n\n\n<p class=\"has-text-align-center\">&nbsp;<strong>psychodynamikabielsko@gmail.com<\/strong><\/p>\n\n\n\n<p class=\"has-text-align-center has-custom-color-1-color has-text-color has-link-color wp-elements-806a8bf3af386e669d54941dbe026509\">Anna Ko\u0142ek &#8211; psychoterapia<\/p>\n\n\n\n<p><\/p>\n","protected":false},"excerpt":{"rendered":"<p>Aby um\u00f3wi\u0107 si\u0119 na wizyt\u0119, prosz\u0119 o kontakt telefoniczny pod numerem: 693 474 163 Przyjmuj\u0119 w pi\u0105tki w godzinach\u00a08:00\u201315:00\u00a0w gabinecie przy ul.&nbsp;11 Listopada 60, Kamienica Pod Or\u0142em, II pi\u0119tro, gabinet 208. Mo\u017cna r\u00f3wnie\u017c napisa\u0107 wiadomo\u015b\u0107 na adres e-mail &nbsp;psychodynamikabielsko@gmail.com Anna Ko\u0142ek &#8211; psychoterapia<\/p>\n","protected":false},"author":1,"featured_media":24,"parent":0,"menu_order":0,"comment_status":"closed","ping_status":"closed","template":"","meta":{"footnotes":""},"class_list":["post-9","page","type-page","status-publish","has-post-thumbnail","hentry"],"yoast_head":"<!-- This site is optimized with the Yoast SEO plugin v26.3 - https:\/\/yoast.com\/wordpress\/plugins\/seo\/ -->\n<title>Kontakt - Psychoterapia - Anna Ko\u0142ek<\/title>\n<meta name=\"description\" content=\"Przyjmuj\u0119 w pi\u0105tki w godzinach\u00a08:00\u201315:00\u00a0w gabinecie przy:ul.\u00a011 Listopada 60, Kamienica Pod Or\u0142em, II pi\u0119tro, gabinet 208.\" \/>\n<meta name=\"robots\" content=\"index, follow, max-snippet:-1, max-image-preview:large, max-video-preview:-1\" \/>\n<link rel=\"canonical\" href=\"https:\/\/psychodynamikabielsko.pl\/index.php\/kontakt\/\" \/>\n<meta property=\"og:locale\" content=\"pl_PL\" \/>\n<meta property=\"og:type\" content=\"article\" \/>\n<meta property=\"og:title\" content=\"Kontakt - Psychoterapia - Anna Ko\u0142ek\" \/>\n<meta property=\"og:description\" content=\"Przyjmuj\u0119 w pi\u0105tki w godzinach\u00a08:00\u201315:00\u00a0w gabinecie przy:ul.\u00a011 Listopada 60, Kamienica Pod Or\u0142em, II pi\u0119tro, gabinet 208.\" \/>\n<meta property=\"og:url\" content=\"https:\/\/psychodynamikabielsko.pl\/index.php\/kontakt\/\" \/>\n<meta property=\"og:site_name\" content=\"Psychoterapia - Anna Ko\u0142ek\" \/>\n<meta property=\"article:modified_time\" content=\"2025-12-06T18:29:33+00:00\" \/>\n<meta property=\"og:image\" content=\"https:\/\/psychodynamikabielsko.pl\/wp-content\/uploads\/2025\/11\/Screenshot_20251018_140858_com.google.android.gm_edit_71643149853651.jpg\" \/>\n\t<meta property=\"og:image:width\" content=\"1080\" \/>\n\t<meta property=\"og:image:height\" content=\"607\" \/>\n\t<meta property=\"og:image:type\" content=\"image\/jpeg\" \/>\n<meta name=\"twitter:card\" content=\"summary_large_image\" \/>\n<meta name=\"twitter:label1\" content=\"Szacowany czas czytania\" \/>\n\t<meta name=\"twitter:data1\" content=\"1 minuta\" \/>\n<script type=\"application\/ld+json\" class=\"yoast-schema-graph\">{\"@context\":\"https:\/\/schema.org\",\"@graph\":[{\"@type\":\"WebPage\",\"@id\":\"https:\/\/psychodynamikabielsko.pl\/index.php\/kontakt\/\",\"url\":\"https:\/\/psychodynamikabielsko.pl\/index.php\/kontakt\/\",\"name\":\"Kontakt - Psychoterapia - Anna Ko\u0142ek\",\"isPartOf\":{\"@id\":\"https:\/\/psychodynamikabielsko.pl\/#website\"},\"primaryImageOfPage\":{\"@id\":\"https:\/\/psychodynamikabielsko.pl\/index.php\/kontakt\/#primaryimage\"},\"image\":{\"@id\":\"https:\/\/psychodynamikabielsko.pl\/index.php\/kontakt\/#primaryimage\"},\"thumbnailUrl\":\"https:\/\/psychodynamikabielsko.pl\/wp-content\/uploads\/2025\/11\/Screenshot_20251018_140858_com.google.android.gm_edit_71643149853651.jpg\",\"datePublished\":\"2025-11-05T11:50:42+00:00\",\"dateModified\":\"2025-12-06T18:29:33+00:00\",\"description\":\"Przyjmuj\u0119 w pi\u0105tki w godzinach\u00a08:00\u201315:00\u00a0w gabinecie przy:ul.\u00a011 Listopada 60, Kamienica Pod Or\u0142em, II pi\u0119tro, gabinet 208.\",\"breadcrumb\":{\"@id\":\"https:\/\/psychodynamikabielsko.pl\/index.php\/kontakt\/#breadcrumb\"},\"inLanguage\":\"pl-PL\",\"potentialAction\":[{\"@type\":\"ReadAction\",\"target\":[\"https:\/\/psychodynamikabielsko.pl\/index.php\/kontakt\/\"]}]},{\"@type\":\"ImageObject\",\"inLanguage\":\"pl-PL\",\"@id\":\"https:\/\/psychodynamikabielsko.pl\/index.php\/kontakt\/#primaryimage\",\"url\":\"https:\/\/psychodynamikabielsko.pl\/wp-content\/uploads\/2025\/11\/Screenshot_20251018_140858_com.google.android.gm_edit_71643149853651.jpg\",\"contentUrl\":\"https:\/\/psychodynamikabielsko.pl\/wp-content\/uploads\/2025\/11\/Screenshot_20251018_140858_com.google.android.gm_edit_71643149853651.jpg\",\"width\":1080,\"height\":607,\"caption\":\"Anna Ko\u0142ek - Psychoterapii psychodynamiczne - Bielsko\"},{\"@type\":\"BreadcrumbList\",\"@id\":\"https:\/\/psychodynamikabielsko.pl\/index.php\/kontakt\/#breadcrumb\",\"itemListElement\":[{\"@type\":\"ListItem\",\"position\":1,\"name\":\"Strona g\u0142\u00f3wna\",\"item\":\"https:\/\/psychodynamikabielsko.pl\/\"},{\"@type\":\"ListItem\",\"position\":2,\"name\":\"Kontakt\"}]},{\"@type\":\"WebSite\",\"@id\":\"https:\/\/psychodynamikabielsko.pl\/#website\",\"url\":\"https:\/\/psychodynamikabielsko.pl\/\",\"name\":\"Psychoterapia - Anna Ko\u0142ek\",\"description\":\"Psychoterapia - Anna Ko\u0142ek\",\"publisher\":{\"@id\":\"https:\/\/psychodynamikabielsko.pl\/#organization\"},\"potentialAction\":[{\"@type\":\"SearchAction\",\"target\":{\"@type\":\"EntryPoint\",\"urlTemplate\":\"https:\/\/psychodynamikabielsko.pl\/?s={search_term_string}\"},\"query-input\":{\"@type\":\"PropertyValueSpecification\",\"valueRequired\":true,\"valueName\":\"search_term_string\"}}],\"inLanguage\":\"pl-PL\"},{\"@type\":\"Organization\",\"@id\":\"https:\/\/psychodynamikabielsko.pl\/#organization\",\"name\":\"Psychoterapia - Anna Ko\u0142ek\",\"url\":\"https:\/\/psychodynamikabielsko.pl\/\",\"logo\":{\"@type\":\"ImageObject\",\"inLanguage\":\"pl-PL\",\"@id\":\"https:\/\/psychodynamikabielsko.pl\/#\/schema\/logo\/image\/\",\"url\":\"https:\/\/psychodynamikabielsko.pl\/wp-content\/uploads\/2025\/11\/cropped-Screenshot_20251018_140858_com.google.android.gm_edit_71643149853651-e1762373810155.jpg\",\"contentUrl\":\"https:\/\/psychodynamikabielsko.pl\/wp-content\/uploads\/2025\/11\/cropped-Screenshot_20251018_140858_com.google.android.gm_edit_71643149853651-e1762373810155.jpg\",\"width\":1080,\"height\":280,\"caption\":\"Psychoterapia - Anna Ko\u0142ek\"},\"image\":{\"@id\":\"https:\/\/psychodynamikabielsko.pl\/#\/schema\/logo\/image\/\"}}]}<\/script>\n<!-- \/ Yoast SEO plugin. -->","yoast_head_json":{"title":"Kontakt - Psychoterapia - Anna Ko\u0142ek","description":"Przyjmuj\u0119 w pi\u0105tki w godzinach\u00a08:00\u201315:00\u00a0w gabinecie przy:ul.\u00a011 Listopada 60, Kamienica Pod Or\u0142em, II pi\u0119tro, gabinet 208.","robots":{"index":"index","follow":"follow","max-snippet":"max-snippet:-1","max-image-preview":"max-image-preview:large","max-video-preview":"max-video-preview:-1"},"canonical":"https:\/\/psychodynamikabielsko.pl\/index.php\/kontakt\/","og_locale":"pl_PL","og_type":"article","og_title":"Kontakt - Psychoterapia - Anna Ko\u0142ek","og_description":"Przyjmuj\u0119 w pi\u0105tki w godzinach\u00a08:00\u201315:00\u00a0w gabinecie przy:ul.\u00a011 Listopada 60, Kamienica Pod Or\u0142em, II pi\u0119tro, gabinet 208.","og_url":"https:\/\/psychodynamikabielsko.pl\/index.php\/kontakt\/","og_site_name":"Psychoterapia - Anna Ko\u0142ek","article_modified_time":"2025-12-06T18:29:33+00:00","og_image":[{"width":1080,"height":607,"url":"https:\/\/psychodynamikabielsko.pl\/wp-content\/uploads\/2025\/11\/Screenshot_20251018_140858_com.google.android.gm_edit_71643149853651.jpg","type":"image\/jpeg"}],"twitter_card":"summary_large_image","twitter_misc":{"Szacowany czas czytania":"1 minuta"},"schema":{"@context":"https:\/\/schema.org","@graph":[{"@type":"WebPage","@id":"https:\/\/psychodynamikabielsko.pl\/index.php\/kontakt\/","url":"https:\/\/psychodynamikabielsko.pl\/index.php\/kontakt\/","name":"Kontakt - Psychoterapia - Anna Ko\u0142ek","isPartOf":{"@id":"https:\/\/psychodynamikabielsko.pl\/#website"},"primaryImageOfPage":{"@id":"https:\/\/psychodynamikabielsko.pl\/index.php\/kontakt\/#primaryimage"},"image":{"@id":"https:\/\/psychodynamikabielsko.pl\/index.php\/kontakt\/#primaryimage"},"thumbnailUrl":"https:\/\/psychodynamikabielsko.pl\/wp-content\/uploads\/2025\/11\/Screenshot_20251018_140858_com.google.android.gm_edit_71643149853651.jpg","datePublished":"2025-11-05T11:50:42+00:00","dateModified":"2025-12-06T18:29:33+00:00","description":"Przyjmuj\u0119 w pi\u0105tki w godzinach\u00a08:00\u201315:00\u00a0w gabinecie przy:ul.\u00a011 Listopada 60, Kamienica Pod Or\u0142em, II pi\u0119tro, gabinet 208.","breadcrumb":{"@id":"https:\/\/psychodynamikabielsko.pl\/index.php\/kontakt\/#breadcrumb"},"inLanguage":"pl-PL","potentialAction":[{"@type":"ReadAction","target":["https:\/\/psychodynamikabielsko.pl\/index.php\/kontakt\/"]}]},{"@type":"ImageObject","inLanguage":"pl-PL","@id":"https:\/\/psychodynamikabielsko.pl\/index.php\/kontakt\/#primaryimage","url":"https:\/\/psychodynamikabielsko.pl\/wp-content\/uploads\/2025\/11\/Screenshot_20251018_140858_com.google.android.gm_edit_71643149853651.jpg","contentUrl":"https:\/\/psychodynamikabielsko.pl\/wp-content\/uploads\/2025\/11\/Screenshot_20251018_140858_com.google.android.gm_edit_71643149853651.jpg","width":1080,"height":607,"caption":"Anna Ko\u0142ek - Psychoterapii psychodynamiczne - Bielsko"},{"@type":"BreadcrumbList","@id":"https:\/\/psychodynamikabielsko.pl\/index.php\/kontakt\/#breadcrumb","itemListElement":[{"@type":"ListItem","position":1,"name":"Strona g\u0142\u00f3wna","item":"https:\/\/psychodynamikabielsko.pl\/"},{"@type":"ListItem","position":2,"name":"Kontakt"}]},{"@type":"WebSite","@id":"https:\/\/psychodynamikabielsko.pl\/#website","url":"https:\/\/psychodynamikabielsko.pl\/","name":"Psychoterapia - Anna Ko\u0142ek","description":"Psychoterapia - Anna Ko\u0142ek","publisher":{"@id":"https:\/\/psychodynamikabielsko.pl\/#organization"},"potentialAction":[{"@type":"SearchAction","target":{"@type":"EntryPoint","urlTemplate":"https:\/\/psychodynamikabielsko.pl\/?s={search_term_string}"},"query-input":{"@type":"PropertyValueSpecification","valueRequired":true,"valueName":"search_term_string"}}],"inLanguage":"pl-PL"},{"@type":"Organization","@id":"https:\/\/psychodynamikabielsko.pl\/#organization","name":"Psychoterapia - Anna Ko\u0142ek","url":"https:\/\/psychodynamikabielsko.pl\/","logo":{"@type":"ImageObject","inLanguage":"pl-PL","@id":"https:\/\/psychodynamikabielsko.pl\/#\/schema\/logo\/image\/","url":"https:\/\/psychodynamikabielsko.pl\/wp-content\/uploads\/2025\/11\/cropped-Screenshot_20251018_140858_com.google.android.gm_edit_71643149853651-e1762373810155.jpg","contentUrl":"https:\/\/psychodynamikabielsko.pl\/wp-content\/uploads\/2025\/11\/cropped-Screenshot_20251018_140858_com.google.android.gm_edit_71643149853651-e1762373810155.jpg","width":1080,"height":280,"caption":"Psychoterapia - Anna Ko\u0142ek"},"image":{"@id":"https:\/\/psychodynamikabielsko.pl\/#\/schema\/logo\/image\/"}}]}},"_links":{"self":[{"href":"https:\/\/psychodynamikabielsko.pl\/index.php\/wp-json\/wp\/v2\/pages\/9","targetHints":{"allow":["GET"]}}],"collection":[{"href":"https:\/\/psychodynamikabielsko.pl\/index.php\/wp-json\/wp\/v2\/pages"}],"about":[{"href":"https:\/\/psychodynamikabielsko.pl\/index.php\/wp-json\/wp\/v2\/types\/page"}],"author":[{"embeddable":true,"href":"https:\/\/psychodynamikabielsko.pl\/index.php\/wp-json\/wp\/v2\/users\/1"}],"replies":[{"embeddable":true,"href":"https:\/\/psychodynamikabielsko.pl\/index.php\/wp-json\/wp\/v2\/comments?post=9"}],"version-history":[{"count":13,"href":"https:\/\/psychodynamikabielsko.pl\/index.php\/wp-json\/wp\/v2\/pages\/9\/revisions"}],"predecessor-version":[{"id":175,"href":"https:\/\/psychodynamikabielsko.pl\/index.php\/wp-json\/wp\/v2\/pages\/9\/revisions\/175"}],"wp:featuredmedia":[{"embeddable":true,"href":"https:\/\/psychodynamikabielsko.pl\/index.php\/wp-json\/wp\/v2\/media\/24"}],"wp:attachment":[{"href":"https:\/\/psychodynamikabielsko.pl\/index.php\/wp-json\/wp\/v2\/media?parent=9"}],"curies":[{"name":"wp","href":"https:\/\/api.w.org\/{rel}","templated":true}]}}